{"id":9573,"date":"2018-08-01T10:24:09","date_gmt":"2018-08-01T03:24:09","guid":{"rendered":"https:\/\/luatsubaoho.com\/phapluat\/?page_id=9573"},"modified":"2023-08-20T11:58:11","modified_gmt":"2023-08-20T04:58:11","slug":"tham-gia-bao-giay","status":"publish","type":"page","link":"https:\/\/luatsubaoho.com\/phapluat\/tham-gia-bao-giay\/","title":{"rendered":"Tham gia B\u00e1o gi\u1ea5y"},"content":{"rendered":"\n<p>[vc_row][vc_column width=\u201d2\/3\u2033][vc_gallery type=\u201dflexslider_slide\u201d interval=\u201d3\u2033 images=\u201d9880,9584,9594\u2033 img_size=\u201d696\u00d7476\u2033 onclick=\u201dimg_link_large\u201d custom_links_target=\u201d_blank\u201d title=\u201dB\u00c1O GIA \u0110\u00ccNH VI\u1ec6T NAM\u201d][\/vc_column][vc_column width=\u201d1\/3\u2033]<\/p>\n<div class=\"td_block_wrap td_block_text_with_title td_uid_1_69d10d41e6375_rand td-pb-border-top td_block_template_9\" data-td-block-uid=\"td_uid_1_69d10d41e6375\">\n<h4 class=\"td-block-title\"><span class=\"td-pulldown-size\">T\u01af V\u1ea4N PH\u00c1P LU\u1eacT<\/span><\/h4>\n<div class=\"td_mod_wrap\">\n<div class=\"td_mod_wrap\">\n<ul>\n<li><span style=\"color: #000000;\"><a style=\"color: #000000;\" title=\"Lu\u1eadt s\u01b0 b\u00e0o ch\u1eefa h\u00ecnh s\u1ef1\" href=\"https:\/\/luatsubaoho.com\/phapluat\/luat-su-bao-chua-hinh-su\/\">Lu\u1eadt s\u01b0 b\u00e0o ch\u1eefa h\u00ecnh s\u1ef1<\/a><\/span><\/li>\n<li><span style=\"color: #000000;\"><a style=\"color: #000000;\" title=\"Lu\u1eadt s\u01b0 b\u1ea3o v\u1ec7 ng\u01b0\u1eddi b\u1ecb h\u1ea1i\" href=\"https:\/\/luatsubaoho.com\/phapluat\/luat-su-bao-ve-nguoi-bi-hai-duong-su\/\">Lu\u1eadt s\u01b0 b\u1ea3o v\u1ec7 ng\u01b0\u1eddi b\u1ecb h\u1ea1i<\/a><\/span><\/li>\n<li><a title=\"Lu\u1eadt s\u01b0 b\u1ea3o v\u1ec7 d\u00e2n s\u1ef1\" href=\"https:\/\/luatsubaoho.com\/phapluat\/luat-su-bao-ve-dan-su\/\"><span style=\"color: #000000;\">Lu\u1eadt s\u01b0 b\u1ea3o v\u1ec7 d\u00e2n s\u1ef1<\/span><\/a><\/li>\n<li><span style=\"color: #000000;\"><a style=\"color: #000000;\" title=\"Lu\u1eadt s\u01b0 doanh nghi\u1ec7p\" href=\"https:\/\/luatsubaoho.com\/phapluat\/luat-su-doanh-nghiep\/\">Lu\u1eadt s\u01b0 doanh nghi\u1ec7p<\/a><\/span><\/li>\n<li><a class=\"entry-crumb\" title=\"T\u01b0 v\u1ea5n tranh ch\u1ea5p \u0111\u1ea5t \u0111ai\" href=\"https:\/\/luatsubaoho.com\/phapluat\/tu-van-tranh-chap-dat-dai\/\"><span style=\"color: #000000;\">T\u01b0 v\u1ea5n tranh ch\u1ea5p \u0111\u1ea5t \u0111ai<\/span><\/a><\/li>\n<li><span style=\"color: #000000;\"><a style=\"color: #000000;\" title=\"T\u01b0 v\u1ea5n lu\u1eadt th\u1eeba k\u1ebf\" href=\"https:\/\/luatsubaoho.com\/phapluat\/tu-van-luat-thua-ke\/\">T\u01b0 v\u1ea5n lu\u1eadt th\u1eeba k\u1ebf<\/a><\/span><\/li>\n<li><span style=\"color: #000000;\"><a style=\"color: #000000;\" title=\"Thu h\u1ed3i n\u1ee3\" href=\"https:\/\/luatsubaoho.com\/phapluat\/thu-hoi-no\/\">Thu h\u1ed3i n\u1ee3<\/a><\/span><\/li>\n<li><span style=\"color: #000000;\"><a style=\"color: #000000;\" title=\"Xin c\u1ea5p gi\u1ea5y t\u1edd\" href=\"https:\/\/luatsubaoho.com\/phapluat\/xin-cap-giay-to\/\">Xin c\u1ea5p gi\u1ea5y t\u1edd<\/a><\/span><\/li>\n<li><span style=\"color: #000000;\"><a style=\"color: #000000;\" title=\"Lu\u1eadt h\u00f4n nh\u00e2n gia \u0111\u00ecnh\" href=\"https:\/\/luatsubaoho.com\/phapluat\/luat-hon-nhan-gia-dinh\/\">Lu\u1eadt h\u00f4n nh\u00e2n gia \u0111\u00ecnh<\/a><\/span><\/li>\n<li><span style=\"color: #000000;\"><a style=\"color: #000000;\" title=\"H\u1ee3p ph\u00e1p h\u00f3a l\u00e3nh s\u1ef1\" href=\"https:\/\/luatsubaoho.com\/phapluat\/hop-phap-hoa-lanh-su\/\">H\u1ee3p ph\u00e1p h\u00f3a l\u00e3nh s\u1ef1<\/a><\/span><\/li>\n<li><span style=\"color: #000000;\"><a style=\"color: #000000;\" title=\"T\u01b0 v\u1ea5n ph\u00e1p lu\u1eadt h\u1ee3p \u0111\u1ed3ng\" href=\"https:\/\/luatsubaoho.com\/phapluat\/tu-van-phap-luat-hop-dong\/\">T\u01b0 v\u1ea5n ph\u00e1p lu\u1eadt h\u1ee3p \u0111\u1ed3ng<\/a><\/span><\/li>\n<li><span style=\"color: #000000;\"><a style=\"color: #000000;\" title=\"Lu\u1eadt s\u01b0 b\u1ea3o v\u1ec7 quy\u1ec1n l\u1ee3i\" href=\"https:\/\/luatbaoloi.com\/\">Lu\u1eadt s\u01b0 b\u1ea3o v\u1ec7 quy\u1ec1n l\u1ee3i<\/a><\/span><\/li>\n<li><span style=\"color: #000000;\"><a style=\"color: #000000;\" title=\"Th\u00e0nh l\u1eadp doanh nghi\u1ec7p\" href=\"https:\/\/luatsubaoho.com\/phapluat\/thanh-lap-doanh-nghiep\/\">T<\/a><a style=\"color: #000000;\" title=\"Th\u00e0nh l\u1eadp doanh nghi\u1ec7p\" href=\"https:\/\/luatsubaoho.com\/phapluat\/thanh-lap-doanh-nghiep\/\">h\u00e0nh l\u1eadp doanh nghi\u1ec7p<\/a><\/span><\/li>\n<li><span style=\"color: #000000;\"><a style=\"color: #000000;\" title=\"T\u01b0 v\u1ea5n \u0110\u1ea7u t\u01b0 v\u00e0o Vi\u1ec7t Nam\" href=\"https:\/\/luatsubaoho.com\/phapluat\/tu-van-dau-tu-vao-viet-nam\/\">T\u01b0 v\u1ea5n \u0110\u1ea7u t\u01b0 v\u00e0o Vi\u1ec7t Nam<\/a><\/span><\/li>\n<li><a title=\"\u0110\u0103ng k\u00fd M\u00e3 s\u1ed1 m\u00e3 v\u1ea1ch\" href=\"https:\/\/luatsubaoho.com\/phapluat\/dang-ky-ma-so-ma-vach\/\"><span style=\"color: #000000;\">\u0110\u0103ng k\u00fd M\u00e3 s\u1ed1 m\u00e3 v\u1ea1ch<\/span><\/a><\/li>\n<\/ul>\n<\/div>\n<div class=\"td_block_wrap td_block_social_counter td_uid_2_69d10d41e6a22_rand td-pb-border-top td_block_template_9\">\n<h4 class=\"td-block-title\"><span class=\"td-pulldown-size\">M\u1ea1ng x\u00e3 h\u1ed9i<\/span><\/h4>\n<div class=\"td-social-list\">\n<div class=\"td_social_type td-pb-margin-side td_social_facebook\"><div class=\"td-social-box\">\n<div class=\"td-sp td-sp-facebook\"><\/div>\n<span class=\"td_social_info\">0<\/span><span class=\"td_social_info td_social_info_name\">Fans<\/span><span class=\"td_social_button\"><a href=\"https:\/\/www.facebook.com\/luatsubaoho\" target=\"_blank\">Like<\/a><\/span>\n<\/div><\/div>\n<div class=\"td_social_type td-pb-margin-side td_social_twitter\"><div class=\"td-social-box\">\n<div class=\"td-sp td-sp-twitter\"><\/div>\n<span class=\"td_social_info\">262<\/span><span class=\"td_social_info td_social_info_name\">Followers<\/span><span class=\"td_social_button\"><a href=\"https:\/\/twitter.com\/tuvandt\" target=\"_blank\">Follow<\/a><\/span>\n<\/div><\/div>\n<div class=\"td_social_type td-pb-margin-side td_social_youtube\"><div class=\"td-social-box\">\n<div class=\"td-sp td-sp-youtube\"><\/div>\n<span class=\"td_social_info\">74<\/span><span class=\"td_social_info td_social_info_name\">Subscribers<\/span><span class=\"td_social_button\"><a href=\"http:\/\/www.youtube.com\/channel\/UCsFigx58joU06cg0mbIPQjw\" target=\"_blank\">Subscribe<\/a><\/span>\n<\/div><\/div>\n<\/div>\n<\/div> <!-- .\/block -->\n<div class=\"td_block_wrap td_block_text_with_title td_uid_3_69d10d41e6d67_rand td-pb-border-top td_block_template_9\" data-td-block-uid=\"td_uid_3_69d10d41e6d67\">\n<h4 class=\"td-block-title\"><span class=\"td-pulldown-size\">T\u01b0 v\u1ea5n ph\u00e1p lu\u1eadt tr\u1ef1c tuy\u1ebfn to\u00e0n qu\u1ed1c<\/span><\/h4>\n<div class=\"td_mod_wrap\"><\/div>\n<\/div>\n<div class=\"td-featured-image-rec\">\n<div class=\"td-post-featured-image\">\n<figure><a class=\"td-modal-image\" href=\"https:\/\/luatsubaoho.com\/phapluat\/tu-van-phap-luat-truc-tuyen-qua-dien-thoai\/\" data-caption=\"T\u01b0 v\u1ea5n ph\u00e1p lu\u1eadt lu\u1eadt tr\u1ef1c tuy\u1ebfn\"><img loading=\"lazy\" decoding=\"async\" class=\"entry-thumb td-animation-stack-type0-2\" title=\"T\u01b0 v\u1ea5n ph\u00e1p lu\u1eadt lu\u1eadt tr\u1ef1c tuy\u1ebfn Tham gia B\u00e1o gi\u1ea5y\" src=\"https:\/\/luatsubaoho.com\/phapluat\/wp-content\/uploads\/2018\/01\/tu-van-phap-luat-truc-tuyen.jpg\" sizes=\"(max-width: 360px) 100vw, 360px\" srcset=\"https:\/\/luatsubaoho.com\/phapluat\/wp-content\/uploads\/2018\/01\/tu-van-phap-luat-truc-tuyen.jpg 360w, https:\/\/luatsubaoho.com\/phapluat\/wp-content\/uploads\/2018\/01\/tu-van-phap-luat-truc-tuyen-150x94.jpg 150w\" alt=\"T\u01b0 v\u1ea5n ph\u00e1p lu\u1eadt lu\u1eadt tr\u1ef1c tuy\u1ebfn Tham gia B\u00e1o gi\u1ea5y\" width=\"360\" height=\"225\"><\/a><\/figure>\n<\/div>\n<\/div>\n<p><\/p>\n<\/div>\n<\/div>\n<div class=\"td_block_wrap td_block_text_with_title td_uid_4_69d10d41e6e11_rand td-pb-border-top td_block_template_9\" data-td-block-uid=\"td_uid_4_69d10d41e6e11\">\n<h4 class=\"td-block-title\"><span class=\"td-pulldown-size\">Lu\u1eadt s\u01b0 b\u1ea3o h\u1ed9<\/span><\/h4>\n<div class=\"td_mod_wrap\">\n<figure id=\"attachment_8116\" aria-describedby=\"caption-attachment-8116\" style=\"width: 530px\" class=\"wp-caption alignnone\"><a href=\"https:\/\/luatsubaoho.com\/phapluat\/hinh-anh-hoat-dong\/\"><img loading=\"lazy\" decoding=\"async\" class=\"size-full wp-image-8116\" src=\"https:\/\/luatsubaoho.com\/phapluat\/wp-content\/uploads\/2018\/02\/luat-su-bao-ho-quyen-loi.jpg\" alt=\"H\u00ecnh \u1ea3nh ho\u1ea1t \u0111\u1ed9ng t\u1ea1i T\u00f2a \u00e1n Tham gia B\u00e1o gi\u1ea5y\" width=\"530\" height=\"398\" srcset=\"https:\/\/luatsubaoho.com\/phapluat\/wp-content\/uploads\/2018\/02\/luat-su-bao-ho-quyen-loi.jpg 530w, https:\/\/luatsubaoho.com\/phapluat\/wp-content\/uploads\/2018\/02\/luat-su-bao-ho-quyen-loi-150x113.jpg 150w, https:\/\/luatsubaoho.com\/phapluat\/wp-content\/uploads\/2018\/02\/luat-su-bao-ho-quyen-loi-265x198.jpg 265w\" sizes=\"(max-width: 530px) 100vw, 530px\" title=\"Tham gia B\u00e1o gi\u1ea5y\"><\/a><figcaption id=\"caption-attachment-8116\" class=\"wp-caption-text\">H\u00ecnh \u1ea3nh ho\u1ea1t \u0111\u1ed9ng t\u1ea1i T\u00f2a \u00e1n<\/figcaption><\/figure>\n<p><\/p>\n<\/div>\n<\/div>[\/vc_column][\/vc_row]\n","protected":false},"excerpt":{"rendered":"<p>[vc_row][vc_column width=\u201d2\/3\u2033][vc_gallery type=\u201dflexslider_slide\u201d interval=\u201d3\u2033 images=\u201d9880,9584,9594\u2033 img_size=\u201d696\u00d7476\u2033 onclick=\u201dimg_link_large\u201d custom_links_target=\u201d_blank\u201d title=\u201dB\u00c1O GIA \u0110\u00ccNH VI\u1ec6T NAM\u201d][\/vc_column][vc_column width=\u201d1\/3\u2033] [\/vc_column][\/vc_row]<\/p>\n","protected":false},"author":1,"featured_media":0,"parent":0,"menu_order":0,"comment_status":"closed","ping_status":"closed","template":"page-pagebuilder-title.php","meta":{"footnotes":""},"_links":{"self":[{"href":"https:\/\/luatsubaoho.com\/phapluat\/wp-json\/wp\/v2\/pages\/9573"}],"collection":[{"href":"https:\/\/luatsubaoho.com\/phapluat\/wp-json\/wp\/v2\/pages"}],"about":[{"href":"https:\/\/luatsubaoho.com\/phapluat\/wp-json\/wp\/v2\/types\/page"}],"author":[{"embeddable":true,"href":"https:\/\/luatsubaoho.com\/phapluat\/wp-json\/wp\/v2\/users\/1"}],"replies":[{"embeddable":true,"href":"https:\/\/luatsubaoho.com\/phapluat\/wp-json\/wp\/v2\/comments?post=9573"}],"version-history":[{"count":2,"href":"https:\/\/luatsubaoho.com\/phapluat\/wp-json\/wp\/v2\/pages\/9573\/revisions"}],"predecessor-version":[{"id":39061,"href":"https:\/\/luatsubaoho.com\/phapluat\/wp-json\/wp\/v2\/pages\/9573\/revisions\/39061"}],"wp:attachment":[{"href":"https:\/\/luatsubaoho.com\/phapluat\/wp-json\/wp\/v2\/media?parent=9573"}],"curies":[{"name":"wp","href":"https:\/\/api.w.org\/{rel}","templated":true}]}}